{"id":60,"date":"2017-06-22T18:37:35","date_gmt":"2017-06-22T18:37:35","guid":{"rendered":"https:\/\/pracasamoveis.com\/loja\/?page_id=42"},"modified":"2017-06-22T18:37:35","modified_gmt":"2017-06-22T18:37:35","slug":"contact","status":"publish","type":"page","link":"https:\/\/pracasamoveis.com\/index.php\/contact\/","title":{"rendered":"Contato"},"content":{"rendered":"<p><strong>Endere\u00e7o<\/strong><br \/>\nRua Presidente Jo\u00e3o Pessoa, 90, Centro Campina Grande, PB, CEP: 58400-002<\/p>\n<p>Fone: (83) 3321-7123<\/p>\n<p>Email: sac@pracasamoveis.com<\/p>\n<p><strong>Hor\u00e1rio<\/strong><br \/>\nSegunda\u2014sexta: 9h\u201317h<br \/>\nS\u00e1bados: 8h\u201312h<\/p>\n","protected":false},"excerpt":{"rendered":"<p>Endere\u00e7o Rua Presidente Jo\u00e3o Pessoa, 90, Centro Campina Grande, PB, CEP: 58400-002 Fone: (83) 3321-7123 Email: sac@pracasamoveis.com Hor\u00e1rio Segunda\u2014sexta: 9h\u201317h S\u00e1bados: 8h\u201312h<\/p>\n","protected":false},"author":2,"featured_media":0,"parent":0,"menu_order":0,"comment_status":"closed","ping_status":"closed","template":"","meta":{"jetpack_post_was_ever_published":false,"footnotes":""},"class_list":["post-60","page","type-page","status-publish","hentry"],"jetpack_sharing_enabled":true,"jetpack_shortlink":"https:\/\/wp.me\/P9MG0J-Y","_links":{"self":[{"href":"https:\/\/pracasamoveis.com\/index.php\/wp-json\/wp\/v2\/pages\/60","targetHints":{"allow":["GET"]}}],"collection":[{"href":"https:\/\/pracasamoveis.com\/index.php\/wp-json\/wp\/v2\/pages"}],"about":[{"href":"https:\/\/pracasamoveis.com\/index.php\/wp-json\/wp\/v2\/types\/page"}],"author":[{"embeddable":true,"href":"https:\/\/pracasamoveis.com\/index.php\/wp-json\/wp\/v2\/users\/2"}],"replies":[{"embeddable":true,"href":"https:\/\/pracasamoveis.com\/index.php\/wp-json\/wp\/v2\/comments?post=60"}],"version-history":[{"count":0,"href":"https:\/\/pracasamoveis.com\/index.php\/wp-json\/wp\/v2\/pages\/60\/revisions"}],"wp:attachment":[{"href":"https:\/\/pracasamoveis.com\/index.php\/wp-json\/wp\/v2\/media?parent=60"}],"curies":[{"name":"wp","href":"https:\/\/api.w.org\/{rel}","templated":true}]}}